{"id":83,"date":"2023-08-21T15:31:27","date_gmt":"2023-08-21T15:31:27","guid":{"rendered":"http:\/\/babor-art.bplaced.net\/wordpress\/?page_id=83"},"modified":"2026-04-26T16:50:14","modified_gmt":"2026-04-26T16:50:14","slug":"elementor-83","status":"publish","type":"page","link":"https:\/\/babor-art.at\/","title":{"rendered":"Home"},"content":{"rendered":"\t\t<div data-elementor-type=\"wp-page\" data-elementor-id=\"83\" class=\"elementor elementor-83\">\n\t\t\t\t\t\t<section class=\"elementor-section elementor-top-section elementor-element elementor-element-125c973 elementor-section-boxed elementor-section-height-default elementor-section-height-default\" data-id=\"125c973\" data-element_type=\"section\">\n\t\t\t\t\t\t<div class=\"elementor-container elementor-column-gap-default\">\n\t\t\t\t\t<div class=\"elementor-column elementor-col-100 elementor-top-column elementor-element elementor-element-3bcb571\" data-id=\"3bcb571\" data-element_type=\"column\">\n\t\t\t<div class=\"elementor-widget-wrap elementor-element-populated\">\n\t\t\t\t\t\t<div class=\"elementor-element elementor-element-59e0ad6 elementor-fixed elementor-widget elementor-widget-spacer\" data-id=\"59e0ad6\" data-element_type=\"widget\" data-settings=\"{&quot;_position&quot;:&quot;fixed&quot;}\" data-widget_type=\"spacer.default\">\n\t\t\t\t<div class=\"elementor-widget-container\">\n\t\t\t\t\t<div class=\"elementor-spacer\">\n\t\t\t<div class=\"elementor-spacer-inner\"><\/div>\n\t\t<\/div>\n\t\t\t\t<\/div>\n\t\t\t\t<\/div>\n\t\t\t\t\t<\/div>\n\t\t<\/div>\n\t\t\t\t\t<\/div>\n\t\t<\/section>\n\t\t\t\t<section class=\"elementor-section elementor-top-section elementor-element elementor-element-30851a5 elementor-section-boxed elementor-section-height-default elementor-section-height-default\" data-id=\"30851a5\" data-element_type=\"section\">\n\t\t\t\t\t\t<div class=\"elementor-container elementor-column-gap-default\">\n\t\t\t\t\t<div class=\"elementor-column elementor-col-100 elementor-top-column elementor-element elementor-element-ea7aaa6\" data-id=\"ea7aaa6\" data-element_type=\"column\">\n\t\t\t<div class=\"elementor-widget-wrap elementor-element-populated\">\n\t\t\t\t\t\t<div class=\"elementor-element elementor-element-fe3a137 elementor-widget elementor-widget-spacer\" data-id=\"fe3a137\" data-element_type=\"widget\" data-widget_type=\"spacer.default\">\n\t\t\t\t<div class=\"elementor-widget-container\">\n\t\t\t\t\t<div class=\"elementor-spacer\">\n\t\t\t<div class=\"elementor-spacer-inner\"><\/div>\n\t\t<\/div>\n\t\t\t\t<\/div>\n\t\t\t\t<\/div>\n\t\t\t\t\t<\/div>\n\t\t<\/div>\n\t\t\t\t\t<\/div>\n\t\t<\/section>\n\t\t\t\t<section class=\"elementor-section elementor-top-section elementor-element elementor-element-3a595d3 elementor-section-full_width elementor-section-content-middle elementor-section-height-default elementor-section-height-default\" data-id=\"3a595d3\" data-element_type=\"section\" data-settings=\"{&quot;background_background&quot;:&quot;classic&quot;}\">\n\t\t\t\t\t\t<div class=\"elementor-container elementor-column-gap-default\">\n\t\t\t\t\t<div class=\"elementor-column elementor-col-100 elementor-top-column elementor-element elementor-element-24ecd01\" data-id=\"24ecd01\" data-element_type=\"column\">\n\t\t\t<div class=\"elementor-widget-wrap\">\n\t\t\t\t\t\t\t<\/div>\n\t\t<\/div>\n\t\t\t\t\t<\/div>\n\t\t<\/section>\n\t\t\t\t<section class=\"elementor-section elementor-top-section elementor-element elementor-element-aed8aaf elementor-section-boxed elementor-section-height-default elementor-section-height-default\" data-id=\"aed8aaf\" data-element_type=\"section\">\n\t\t\t\t\t\t<div class=\"elementor-container elementor-column-gap-default\">\n\t\t\t\t\t<div class=\"elementor-column elementor-col-100 elementor-top-column elementor-element elementor-element-62136cb\" data-id=\"62136cb\" data-element_type=\"column\">\n\t\t\t<div class=\"elementor-widget-wrap elementor-element-populated\">\n\t\t\t\t\t\t<div class=\"elementor-element elementor-element-adc90b5 elementor-widget elementor-widget-spacer\" data-id=\"adc90b5\" data-element_type=\"widget\" data-widget_type=\"spacer.default\">\n\t\t\t\t<div class=\"elementor-widget-container\">\n\t\t\t\t\t<div class=\"elementor-spacer\">\n\t\t\t<div class=\"elementor-spacer-inner\"><\/div>\n\t\t<\/div>\n\t\t\t\t<\/div>\n\t\t\t\t<\/div>\n\t\t\t\t<div class=\"elementor-element elementor-element-38bde81 elementor-widget elementor-widget-spacer\" data-id=\"38bde81\" data-element_type=\"widget\" data-widget_type=\"spacer.default\">\n\t\t\t\t<div class=\"elementor-widget-container\">\n\t\t\t\t\t<div class=\"elementor-spacer\">\n\t\t\t<div class=\"elementor-spacer-inner\"><\/div>\n\t\t<\/div>\n\t\t\t\t<\/div>\n\t\t\t\t<\/div>\n\t\t\t\t\t<\/div>\n\t\t<\/div>\n\t\t\t\t\t<\/div>\n\t\t<\/section>\n\t\t\t\t<section class=\"elementor-section elementor-top-section elementor-element elementor-element-e13df87 elementor-section-boxed elementor-section-height-default elementor-section-height-default\" data-id=\"e13df87\" data-element_type=\"section\">\n\t\t\t\t\t\t<div class=\"elementor-container elementor-column-gap-default\">\n\t\t\t\t\t<div class=\"elementor-column elementor-col-100 elementor-top-column elementor-element elementor-element-04c50f5\" data-id=\"04c50f5\" data-element_type=\"column\">\n\t\t\t<div class=\"elementor-widget-wrap elementor-element-populated\">\n\t\t\t\t\t\t<div class=\"elementor-element elementor-element-b592a8f elementor-invisible elementor-widget elementor-widget-heading\" data-id=\"b592a8f\" data-element_type=\"widget\" data-settings=\"{&quot;_animation&quot;:&quot;fadeInLeft&quot;}\" data-widget_type=\"heading.default\">\n\t\t\t\t<div class=\"elementor-widget-container\">\n\t\t\t<h2 class=\"elementor-heading-title elementor-size-default\">Aktuelles<\/h2>\t\t<\/div>\n\t\t\t\t<\/div>\n\t\t\t\t\t<\/div>\n\t\t<\/div>\n\t\t\t\t\t<\/div>\n\t\t<\/section>\n\t\t\t\t<section class=\"elementor-section elementor-top-section elementor-element elementor-element-3765373 elementor-section-boxed elementor-section-height-default elementor-section-height-default\" data-id=\"3765373\" data-element_type=\"section\">\n\t\t\t\t\t\t<div class=\"elementor-container elementor-column-gap-default\">\n\t\t\t\t\t<div class=\"elementor-column elementor-col-100 elementor-top-column elementor-element elementor-element-043ef13\" data-id=\"043ef13\" data-element_type=\"column\">\n\t\t\t<div class=\"elementor-widget-wrap elementor-element-populated\">\n\t\t\t\t\t\t<div class=\"elementor-element elementor-element-98b7bf1 elementor-widget elementor-widget-spacer\" data-id=\"98b7bf1\" data-element_type=\"widget\" data-widget_type=\"spacer.default\">\n\t\t\t\t<div class=\"elementor-widget-container\">\n\t\t\t\t\t<div class=\"elementor-spacer\">\n\t\t\t<div class=\"elementor-spacer-inner\"><\/div>\n\t\t<\/div>\n\t\t\t\t<\/div>\n\t\t\t\t<\/div>\n\t\t\t\t\t<\/div>\n\t\t<\/div>\n\t\t\t\t\t<\/div>\n\t\t<\/section>\n\t\t\t\t<section class=\"elementor-section elementor-top-section elementor-element elementor-element-cb97331 elementor-section-boxed elementor-section-height-default elementor-section-height-default elementor-invisible\" data-id=\"cb97331\" data-element_type=\"section\" data-settings=\"{&quot;animation&quot;:&quot;fadeInUp&quot;}\">\n\t\t\t\t\t\t<div class=\"elementor-container elementor-column-gap-default\">\n\t\t\t\t\t<div class=\"elementor-column elementor-col-100 elementor-top-column elementor-element elementor-element-2c01da4\" data-id=\"2c01da4\" data-element_type=\"column\">\n\t\t\t<div class=\"elementor-widget-wrap\">\n\t\t\t\t\t\t\t<\/div>\n\t\t<\/div>\n\t\t\t\t\t<\/div>\n\t\t<\/section>\n\t\t\t\t<section class=\"elementor-section elementor-top-section elementor-element elementor-element-791f071 elementor-section-boxed elementor-section-height-default elementor-section-height-default\" data-id=\"791f071\" data-element_type=\"section\">\n\t\t\t\t\t\t<div class=\"elementor-container elementor-column-gap-default\">\n\t\t\t\t\t<div class=\"elementor-column elementor-col-100 elementor-top-column elementor-element elementor-element-e4e7460\" data-id=\"e4e7460\" data-element_type=\"column\">\n\t\t\t<div class=\"elementor-widget-wrap\">\n\t\t\t\t\t\t\t<\/div>\n\t\t<\/div>\n\t\t\t\t\t<\/div>\n\t\t<\/section>\n\t\t\t\t<section class=\"elementor-section elementor-top-section elementor-element elementor-element-844557d elementor-section-boxed elementor-section-height-default elementor-section-height-default\" data-id=\"844557d\" data-element_type=\"section\">\n\t\t\t\t\t\t<div class=\"elementor-container elementor-column-gap-default\">\n\t\t\t\t\t<div class=\"elementor-column elementor-col-100 elementor-top-column elementor-element elementor-element-b5d8103\" data-id=\"b5d8103\" data-element_type=\"column\">\n\t\t\t<div class=\"elementor-widget-wrap elementor-element-populated\">\n\t\t\t\t\t\t<div class=\"elementor-element elementor-element-f5c59fb gallery-spacing-custom elementor-invisible elementor-widget elementor-widget-image-gallery\" data-id=\"f5c59fb\" data-element_type=\"widget\" data-settings=\"{&quot;_animation&quot;:&quot;fadeInUp&quot;}\" data-widget_type=\"image-gallery.default\">\n\t\t\t\t<div class=\"elementor-widget-container\">\n\t\t\t\t\t<div class=\"elementor-image-gallery\">\n\t\t\t<div id='gallery-1' class='gallery galleryid-83 gallery-columns-5 gallery-size-thumbnail'><dl class='gallery-item'>\n\t\t\t<dt class='gallery-icon landscape'>\n\t\t\t\t<a data-elementor-open-lightbox=\"yes\" data-elementor-lightbox-slideshow=\"f5c59fb\" data-elementor-lightbox-title=\"mountain silence\" data-elementor-lightbox-description=\"04\/2026, polyptychon, 4 x 40x30 cm, in wei\u00dfen schattenfugenrahmen, acryl\" data-e-action-hash=\"#elementor-action%3Aaction%3Dlightbox%26settings%3DeyJpZCI6MzYwNCwidXJsIjoiaHR0cHM6XC9cL2JhYm9yLWFydC5hdFwvd3AtY29udGVudFwvdXBsb2Fkc1wvMjAyNlwvMDRcL0lNR18yMDI2MDQyNl8xMTM5NDBfMS1zY2FsZWQuanBnIiwic2xpZGVzaG93IjoiZjVjNTlmYiJ9\" href='https:\/\/mlg4aeoymsd3.i.optimole.com\/w:auto\/h:auto\/q:mauto\/f:best\/https:\/\/babor-art.at\/wp-content\/uploads\/2026\/04\/IMG_20260426_113940_1-scaled.jpg'><img decoding=\"async\" width=\"150\" height=\"150\" src=\"https:\/\/mlg4aeoymsd3.i.optimole.com\/w:150\/h:150\/q:mauto\/rt:fill\/g:sm\/f:best\/https:\/\/babor-art.at\/wp-content\/uploads\/2026\/04\/IMG_20260426_113940_1.jpg\" class=\"attachment-thumbnail size-thumbnail\" alt=\"\" \/><\/a>\n\t\t\t<\/dt><\/dl><dl class='gallery-item'>\n\t\t\t<dt class='gallery-icon landscape'>\n\t\t\t\t<a data-elementor-open-lightbox=\"yes\" data-elementor-lightbox-slideshow=\"f5c59fb\" data-elementor-lightbox-title=\"waves &amp; wheels\" data-elementor-lightbox-description=\"10\/2025, 100 x 100 cm, acryl und kreide auf leinwand (verkauft)\" data-e-action-hash=\"#elementor-action%3Aaction%3Dlightbox%26settings%3DeyJpZCI6MzU5MiwidXJsIjoiaHR0cHM6XC9cL2JhYm9yLWFydC5hdFwvd3AtY29udGVudFwvdXBsb2Fkc1wvMjAyNVwvMTBcL3dhdmVzLWFuZC13aGVlbHMtc2NhbGVkLmpwZyIsInNsaWRlc2hvdyI6ImY1YzU5ZmIifQ%3D%3D\" href='https:\/\/mlg4aeoymsd3.i.optimole.com\/w:auto\/h:auto\/q:mauto\/f:best\/https:\/\/babor-art.at\/wp-content\/uploads\/2025\/10\/waves-and-wheels-scaled.jpg'><img decoding=\"async\" width=\"150\" height=\"150\" src=\"https:\/\/mlg4aeoymsd3.i.optimole.com\/w:150\/h:150\/q:mauto\/rt:fill\/g:sm\/f:best\/https:\/\/babor-art.at\/wp-content\/uploads\/2025\/10\/waves-and-wheels.jpg\" class=\"attachment-thumbnail size-thumbnail\" alt=\"\" \/><\/a>\n\t\t\t<\/dt><\/dl><dl class='gallery-item'>\n\t\t\t<dt class='gallery-icon landscape'>\n\t\t\t\t<a data-elementor-open-lightbox=\"yes\" data-elementor-lightbox-slideshow=\"f5c59fb\" data-elementor-lightbox-title=\"wandering souls\" data-elementor-lightbox-description=\"10\/2025, 100 x 100 cm, acryl und kreide auf leinwand\" data-e-action-hash=\"#elementor-action%3Aaction%3Dlightbox%26settings%3DeyJpZCI6MzU3OSwidXJsIjoiaHR0cHM6XC9cL2JhYm9yLWFydC5hdFwvd3AtY29udGVudFwvdXBsb2Fkc1wvMjAyNVwvMTBcL0lNR18yMDI1MTAwM18xNjA5Mzgtc2NhbGVkLmpwZyIsInNsaWRlc2hvdyI6ImY1YzU5ZmIifQ%3D%3D\" href='https:\/\/mlg4aeoymsd3.i.optimole.com\/w:auto\/h:auto\/q:mauto\/f:best\/https:\/\/babor-art.at\/wp-content\/uploads\/2025\/10\/IMG_20251003_160938-scaled.jpg'><img decoding=\"async\" width=\"150\" height=\"150\" src=\"https:\/\/mlg4aeoymsd3.i.optimole.com\/w:150\/h:150\/q:mauto\/rt:fill\/g:sm\/f:best\/https:\/\/babor-art.at\/wp-content\/uploads\/2025\/10\/IMG_20251003_160938.jpg\" class=\"attachment-thumbnail size-thumbnail\" alt=\"\" \/><\/a>\n\t\t\t<\/dt><\/dl><dl class='gallery-item'>\n\t\t\t<dt class='gallery-icon landscape'>\n\t\t\t\t<a data-elementor-open-lightbox=\"yes\" data-elementor-lightbox-slideshow=\"f5c59fb\" data-elementor-lightbox-title=\"wrapped in dreams\" data-elementor-lightbox-description=\"09\/2025, 60 x 80 cm, acryl und kohle auf leinwand\" data-e-action-hash=\"#elementor-action%3Aaction%3Dlightbox%26settings%3DeyJpZCI6MzU2NSwidXJsIjoiaHR0cHM6XC9cL2JhYm9yLWFydC5hdFwvd3AtY29udGVudFwvdXBsb2Fkc1wvMjAyNVwvMDlcL3dyYXBwZWQtaW4tZHJlYW1zLXNjYWxlZC5qcGciLCJzbGlkZXNob3ciOiJmNWM1OWZiIn0%3D\" href='https:\/\/mlg4aeoymsd3.i.optimole.com\/w:auto\/h:auto\/q:mauto\/f:best\/https:\/\/babor-art.at\/wp-content\/uploads\/2025\/09\/wrapped-in-dreams-scaled.jpg'><img loading=\"lazy\" decoding=\"async\" width=\"150\" height=\"150\" src=\"https:\/\/mlg4aeoymsd3.i.optimole.com\/w:150\/h:150\/q:mauto\/rt:fill\/g:sm\/f:best\/https:\/\/babor-art.at\/wp-content\/uploads\/2025\/09\/wrapped-in-dreams.jpg\" class=\"attachment-thumbnail size-thumbnail\" alt=\"\" \/><\/a>\n\t\t\t<\/dt><\/dl><dl class='gallery-item'>\n\t\t\t<dt class='gallery-icon portrait'>\n\t\t\t\t<a data-elementor-open-lightbox=\"yes\" data-elementor-lightbox-slideshow=\"f5c59fb\" data-elementor-lightbox-title=\"spirit of the wild\" data-elementor-lightbox-description=\"08\/2025, 80 x 80 cm, acryl auf leinwand\" data-e-action-hash=\"#elementor-action%3Aaction%3Dlightbox%26settings%3DeyJpZCI6MzU1NCwidXJsIjoiaHR0cHM6XC9cL2JhYm9yLWFydC5hdFwvd3AtY29udGVudFwvdXBsb2Fkc1wvMjAyNVwvMDhcL0lNR18yMDI1MDgxN18xODM1MjEuanBnIiwic2xpZGVzaG93IjoiZjVjNTlmYiJ9\" href='https:\/\/mlg4aeoymsd3.i.optimole.com\/w:auto\/h:auto\/q:mauto\/f:best\/https:\/\/babor-art.at\/wp-content\/uploads\/2025\/08\/IMG_20250817_183521.jpg'><img data-opt-src=\"https:\/\/mlg4aeoymsd3.i.optimole.com\/w:150\/h:150\/q:mauto\/rt:fill\/g:sm\/f:best\/https:\/\/babor-art.at\/wp-content\/uploads\/2025\/08\/IMG_20250817_183521.jpg\"  loading=\"lazy\" decoding=\"async\" width=\"150\" height=\"150\" src=\"data:image/svg+xml,%3Csvg%20viewBox%3D%220%200%20150%20150%22%20width%3D%22150%22%20height%3D%22150%22%20xmlns%3D%22http%3A%2F%2Fwww.w3.org%2F2000%2Fsvg%22%3E%3Crect%20width%3D%22150%22%20height%3D%22150%22%20fill%3D%22transparent%22%2F%3E%3C%2Fsvg%3E\" class=\"attachment-thumbnail size-thumbnail\" alt=\"\" \/><\/a>\n\t\t\t<\/dt><\/dl><br style=\"clear: both\" \/>\n\t\t<\/div>\n\t\t<\/div>\n\t\t\t\t<\/div>\n\t\t\t\t<\/div>\n\t\t\t\t<div class=\"elementor-element elementor-element-4b0cb24 elementor-widget elementor-widget-spacer\" data-id=\"4b0cb24\" data-element_type=\"widget\" data-widget_type=\"spacer.default\">\n\t\t\t\t<div class=\"elementor-widget-container\">\n\t\t\t\t\t<div class=\"elementor-spacer\">\n\t\t\t<div class=\"elementor-spacer-inner\"><\/div>\n\t\t<\/div>\n\t\t\t\t<\/div>\n\t\t\t\t<\/div>\n\t\t\t\t<div class=\"elementor-element elementor-element-8b5747d elementor-align-center elementor-widget elementor-widget-button\" data-id=\"8b5747d\" data-element_type=\"widget\" data-widget_type=\"button.default\">\n\t\t\t\t<div class=\"elementor-widget-container\">\n\t\t\t\t\t<div class=\"elementor-button-wrapper\">\n\t\t\t<a class=\"elementor-button elementor-button-link elementor-size-xs\" href=\"http:\/\/babor-art.at\/?page_id=169\">\n\t\t\t\t\t\t<span class=\"elementor-button-content-wrapper\">\n\t\t\t\t\t\t\t\t\t<span class=\"elementor-button-text\">Galerie<\/span>\n\t\t\t\t\t<\/span>\n\t\t\t\t\t<\/a>\n\t\t<\/div>\n\t\t\t\t<\/div>\n\t\t\t\t<\/div>\n\t\t\t\t\t<\/div>\n\t\t<\/div>\n\t\t\t\t\t<\/div>\n\t\t<\/section>\n\t\t\t\t<section class=\"elementor-section elementor-top-section elementor-element elementor-element-0e6e63e elementor-section-boxed elementor-section-height-default elementor-section-height-default\" data-id=\"0e6e63e\" data-element_type=\"section\">\n\t\t\t\t\t\t<div class=\"elementor-container elementor-column-gap-default\">\n\t\t\t\t\t<div class=\"elementor-column elementor-col-100 elementor-top-column elementor-element elementor-element-bc81141\" data-id=\"bc81141\" data-element_type=\"column\">\n\t\t\t<div class=\"elementor-widget-wrap elementor-element-populated\">\n\t\t\t\t\t\t<div class=\"elementor-element elementor-element-fab6fb5 elementor-widget elementor-widget-spacer\" data-id=\"fab6fb5\" data-element_type=\"widget\" data-widget_type=\"spacer.default\">\n\t\t\t\t<div class=\"elementor-widget-container\">\n\t\t\t\t\t<div class=\"elementor-spacer\">\n\t\t\t<div class=\"elementor-spacer-inner\"><\/div>\n\t\t<\/div>\n\t\t\t\t<\/div>\n\t\t\t\t<\/div>\n\t\t\t\t\t<\/div>\n\t\t<\/div>\n\t\t\t\t\t<\/div>\n\t\t<\/section>\n\t\t\t\t<section class=\"elementor-section elementor-top-section elementor-element elementor-element-2339b30 elementor-section-boxed elementor-section-height-default elementor-section-height-default elementor-invisible\" data-id=\"2339b30\" data-element_type=\"section\" data-settings=\"{&quot;animation&quot;:&quot;fadeInUp&quot;}\">\n\t\t\t\t\t\t<div class=\"elementor-container elementor-column-gap-default\">\n\t\t\t\t\t<div class=\"elementor-column elementor-col-100 elementor-top-column elementor-element elementor-element-54fdc62\" data-id=\"54fdc62\" data-element_type=\"column\">\n\t\t\t<div class=\"elementor-widget-wrap elementor-element-populated\">\n\t\t\t\t\t\t<div class=\"elementor-element elementor-element-ccc5fc2 tpg-wrapper-align-left meta-visibility-show title_position_default title_hover_border_default title-default meta_position_default readmore-btn-default-style tpg-el-box-border-enable tpg-border-bottom-disable elementor-widget elementor-widget-tpg-grid-layout\" data-id=\"ccc5fc2\" data-element_type=\"widget\" data-widget_type=\"tpg-grid-layout.default\">\n\t\t\t\t<div class=\"elementor-widget-container\">\n\t\t\t\t\t<div class=\"rt-container-fluid rt-tpg-container tpg-el-main-wrapper clearfix grid-layout1-main \"\n\t\t\t id=\"rt-tpg-container-612243452\"\n\t\t\t data-layout=\"grid-layout1\"\n\t\t\t data-grid-style=\"tpg-full-height\"\n\t\t\t data-sc-id=\"elementor\"\n\t\t\t data-el-settings=''\n\t\t\t data-el-query=''\n\t\t\t data-el-path=''\n\t\t>\n\t\t\t\t\t\t<div class='tpg-header-wrapper '>\n\t\t\t\t\t\t\t<\/div>\n\n\t\t\t<div data-title=\"Loading ...\" class=\"rt-row rt-content-loader grid-layout1 grid-behaviour tpg-full-height grid_layout_wrapper\">\n\t\t\t\t<div class=\"rt-col-md-12 rt-col-sm-12 rt-col-xs-12 default rt-grid-item post-3318 post type-post status-publish format-standard has-post-thumbnail hentry category-uncategorized\"        data-id=\"3318\">\n    <div class=\"rt-holder tpg-post-holder \">\n        <div class=\"rt-detail rt-el-content-wrapper\">\n\t\t\t\n\t\t\t<div class=\"entry-title-wrapper\"><h3 class=\"entry-title\"><a data-id=\"3318\" href=\"https:\/\/babor-art.at\/?p=3318\" class=\"tpg-post-link\" target=\"_self\">#6 &#8211; Yuna<\/a><\/h3><\/div>\n\t\t\t                <div class=\"post-meta-tags rt-el-post-meta\">\n\t\t\t\t\t            <span class='date'>\n\t\t\t\t<i class='far fa-calendar-alt '><\/i>                                    <a href=\"https:\/\/babor-art.at\/?m=20241108\">\n\t\t\t\t\tNovember 8, 2024\t\t\t\t<\/a>\n                \t\t\t<\/span>\n                            <\/div>\n\t\t\t\n\n\t\t\t                <div class=\"tpg-excerpt tpg-el-excerpt\">\n\t\t\t\t\t                        <div class=\"tpg-excerpt-inner\">\n\t\t\t\t\t\t\tIm falschen Land. Der Legende nach hat eine Katze 7 Leben. Allerdings sagt man ihr in anderen L\u00e4ndern 9 Leben nach. Diese weiteren zwei h\u00e4tte ich nun gerne eingel\u00f6st In meinem letzten Beitrag habe ich...                        <\/div>\n\t\t\t\t\t\t\t\t\t\t                <\/div>\n\t\t\t\n\t\t\t        <div class=\"post-footer\">\n            <div class=\"post-footer\">\n                <div class=\"read-more\">\n                    <a data-id=\"3318\" href=\"https:\/\/babor-art.at\/?p=3318\" class=\"tpg-post-link\" target=\"_self\">Read More<\/a>                <\/div>\n            <\/div>\n        <\/div>\n                <\/div>\n    <\/div>\n<\/div>\n\t\t\t<\/div>\n\t\t\t\n\t\t<\/div>\n\t\t\t\t<\/div>\n\t\t\t\t<\/div>\n\t\t\t\t\t<\/div>\n\t\t<\/div>\n\t\t\t\t\t<\/div>\n\t\t<\/section>\n\t\t\t\t<\/div>\n\t\t","protected":false},"excerpt":{"rendered":"<p>Aktuelles Galerie #6 &#8211; Yuna November 8, 2024 Im falschen Land. Der Legende nach hat eine Katze 7 Leben. Allerdings sagt man ihr in anderen L\u00e4ndern 9 Leben nach. Diese weiteren zwei h\u00e4tte ich nun gerne eingel\u00f6st In meinem letzten Beitrag habe ich&#8230; Read More<\/p>\n","protected":false},"author":1,"featured_media":0,"parent":0,"menu_order":0,"comment_status":"closed","ping_status":"closed","template":"page-templates\/template-pagebuilder-full-width.php","meta":{"neve_meta_sidebar":"","neve_meta_container":"","neve_meta_enable_content_width":"","neve_meta_content_width":0,"neve_meta_title_alignment":"","neve_meta_author_avatar":"","neve_post_elements_order":"","neve_meta_disable_header":"","neve_meta_disable_footer":"","neve_meta_disable_title":"","footnotes":""},"class_list":["post-83","page","type-page","status-publish","hentry"],"rttpg_featured_image_url":null,"rttpg_author":{"display_name":"helenastoegerer","author_link":"https:\/\/babor-art.at\/?author=1"},"rttpg_comment":0,"rttpg_category":"","rttpg_excerpt":"Aktuelles Galerie #6 &#8211; Yuna November 8, 2024 Im falschen Land. Der Legende nach hat eine Katze 7 Leben. Allerdings sagt man ihr in anderen L\u00e4ndern 9 Leben nach. Diese weiteren zwei h\u00e4tte ich nun gerne eingel\u00f6st In meinem letzten Beitrag habe ich&#8230; Read More","_links":{"self":[{"href":"https:\/\/babor-art.at\/index.php?rest_route=\/wp\/v2\/pages\/83","targetHints":{"allow":["GET"]}}],"collection":[{"href":"https:\/\/babor-art.at\/index.php?rest_route=\/wp\/v2\/pages"}],"about":[{"href":"https:\/\/babor-art.at\/index.php?rest_route=\/wp\/v2\/types\/page"}],"author":[{"embeddable":true,"href":"https:\/\/babor-art.at\/index.php?rest_route=\/wp\/v2\/users\/1"}],"replies":[{"embeddable":true,"href":"https:\/\/babor-art.at\/index.php?rest_route=%2Fwp%2Fv2%2Fcomments&post=83"}],"version-history":[{"count":648,"href":"https:\/\/babor-art.at\/index.php?rest_route=\/wp\/v2\/pages\/83\/revisions"}],"predecessor-version":[{"id":3619,"href":"https:\/\/babor-art.at\/index.php?rest_route=\/wp\/v2\/pages\/83\/revisions\/3619"}],"wp:attachment":[{"href":"https:\/\/babor-art.at\/index.php?rest_route=%2Fwp%2Fv2%2Fmedia&parent=83"}],"curies":[{"name":"wp","href":"https:\/\/api.w.org\/{rel}","templated":true}]}}